{"id":2251,"date":"2024-10-28T18:34:12","date_gmt":"2024-10-29T00:34:12","guid":{"rendered":"https:\/\/www.organicsugar.com\/quality-and-safety-policy\/"},"modified":"2024-10-28T18:37:54","modified_gmt":"2024-10-29T00:37:54","slug":"politica-de-calidad-e-inocuidad","status":"publish","type":"page","link":"https:\/\/www.organicsugar.com\/es\/politica-de-calidad-e-inocuidad\/","title":{"rendered":"Pol\u00edtica de Calidad e Inocuidad"},"content":{"rendered":"\t\t<div data-elementor-type=\"wp-page\" data-elementor-id=\"2251\" class=\"elementor elementor-2251 elementor-2243\" data-elementor-post-type=\"page\">\n\t\t\t\t\t\t<section class=\"elementor-section elementor-top-section elementor-element elementor-element-d8dbcde elementor-section-stretched elementor-section-full_width elementor-section-height-default elementor-section-height-default\" data-id=\"d8dbcde\" data-element_type=\"section\" data-settings=\"{&quot;stretch_section&quot;:&quot;section-stretched&quot;,&quot;background_background&quot;:&quot;classic&quot;}\">\n\t\t\t\t\t\t\t<div class=\"elementor-background-overlay\"><\/div>\n\t\t\t\t\t\t\t<div class=\"elementor-container elementor-column-gap-default\">\n\t\t\t\t\t<div class=\"elementor-column elementor-col-33 elementor-top-column elementor-element elementor-element-d6da40f\" data-id=\"d6da40f\" data-element_type=\"column\">\n\t\t\t<div class=\"elementor-widget-wrap\">\n\t\t\t\t\t\t\t<\/div>\n\t\t<\/div>\n\t\t\t\t<div class=\"elementor-column elementor-col-33 elementor-top-column elementor-element elementor-element-dbdc22d\" data-id=\"dbdc22d\" data-element_type=\"column\">\n\t\t\t<div class=\"elementor-widget-wrap elementor-element-populated\">\n\t\t\t\t\t\t<div class=\"elementor-element elementor-element-a68e5d0 elementor-invisible elementor-widget elementor-widget-heading\" data-id=\"a68e5d0\" data-element_type=\"widget\" data-settings=\"{&quot;_animation&quot;:&quot;fadeIn&quot;}\" data-widget_type=\"heading.default\">\n\t\t\t\t<div class=\"elementor-widget-container\">\n\t\t\t<h2 class=\"elementor-heading-title elementor-size-default\">POL\u00cdTICA DE CALIDAD E INOCUIDAD<\/h2>\t\t<\/div>\n\t\t\t\t<\/div>\n\t\t\t\t<div class=\"elementor-element elementor-element-8e0a703 elementor-widget elementor-widget-text-editor\" data-id=\"8e0a703\" data-element_type=\"widget\" data-widget_type=\"text-editor.default\">\n\t\t\t\t<div class=\"elementor-widget-container\">\n\t\t\t\t\t\t\t<p>En ASSUKKAR. S. A. elaboramos y comercializamos productos integrales derivados de la ca\u00f1a de az\u00facar, para el mercado nacional e internacional.<\/p><p>Estamos comprometidos con la calidad e inocuidad de nuestros productos mediante el cumplimiento de la legislaci\u00f3n, reglamentaci\u00f3n y especificaciones de nuestros clientes, a trav\u00e9s de:<br \/>*Asegurar personal comprometido y capacitado en cada uno de los procesos controlados por el plan HACCP-HARCP de acuerdo con los lineamientos FSSC 22000-FSMA del FDA, documentados en los procedimientos del SIGA.<br \/>*Mantener comunicaci\u00f3n eficiente con nuestros clientes, personal, proveedores, autoridades y todas las partes interesadas vinculadas a nuestra actividad.<br \/>*Establecer objetivos con metas medibles a trav\u00e9s de indicadores de gesti\u00f3n, seguimiento, an\u00e1lisis y verificaci\u00f3n de los mismos para asegurar la mejora continua de los procesos.<br \/>*Reducir el desperdicio de productos, mediante la implementaci\u00f3n de pr\u00e1cticas de gesti\u00f3n sostenibles y el monitoreo continuo de procesos. Esto incluye la capacitaci\u00f3n del personal en la correcta manipulaci\u00f3n de alimentos, la mejora de las t\u00e9cnicas de almacenamiento y la optimizaci\u00f3n de la producci\u00f3n, asegurando as\u00ed la inocuidad alimentaria y el cumplimiento de los est\u00e1ndares de calidad establecidos.\u00bb<br \/>*Fortalecer la cultura de inocuidad y calidad a trav\u00e9s de distintas actividades desarrolladas continuamente.<\/p>\t\t\t\t\t\t<\/div>\n\t\t\t\t<\/div>\n\t\t\t\t<div class=\"elementor-element elementor-element-7dcc7a0 elementor-widget elementor-widget-text-editor\" data-id=\"7dcc7a0\" data-element_type=\"widget\" data-widget_type=\"text-editor.default\">\n\t\t\t\t<div class=\"elementor-widget-container\">\n\t\t\t\t\t\t\tGE-P17-R01, v2, F.emisi\u00f3n: 27\/09\/2017, F.revisi\u00f3n: 24\/10\/2024.\t\t\t\t\t\t<\/div>\n\t\t\t\t<\/div>\n\t\t\t\t\t<\/div>\n\t\t<\/div>\n\t\t\t\t<div class=\"elementor-column elementor-col-33 elementor-top-column elementor-element elementor-element-a41249d\" data-id=\"a41249d\" data-element_type=\"column\">\n\t\t\t<div class=\"elementor-widget-wrap\">\n\t\t\t\t\t\t\t<\/div>\n\t\t<\/div>\n\t\t\t\t\t<\/div>\n\t\t<\/section>\n\t\t\t\t<\/div>\n\t\t","protected":false},"excerpt":{"rendered":"<p>POL\u00cdTICA DE CALIDAD E INOCUIDAD En ASSUKKAR. S. A. elaboramos y comercializamos productos integrales derivados de la ca\u00f1a de az\u00facar, para el mercado nacional e internacional. Estamos comprometidos con la calidad e inocuidad de nuestros productos mediante el cumplimiento de la legislaci\u00f3n, reglamentaci\u00f3n y especificaciones de nuestros clientes, a trav\u00e9s de:*Asegurar personal comprometido y capacitado [&hellip;]<\/p>\n","protected":false},"author":2,"featured_media":0,"parent":0,"menu_order":0,"comment_status":"closed","ping_status":"closed","template":"","meta":{"_acf_changed":false,"footnotes":""},"class_list":["post-2251","page","type-page","status-publish","hentry"],"acf":[],"_links":{"self":[{"href":"https:\/\/www.organicsugar.com\/es\/wp-json\/wp\/v2\/pages\/2251","targetHints":{"allow":["GET"]}}],"collection":[{"href":"https:\/\/www.organicsugar.com\/es\/wp-json\/wp\/v2\/pages"}],"about":[{"href":"https:\/\/www.organicsugar.com\/es\/wp-json\/wp\/v2\/types\/page"}],"author":[{"embeddable":true,"href":"https:\/\/www.organicsugar.com\/es\/wp-json\/wp\/v2\/users\/2"}],"replies":[{"embeddable":true,"href":"https:\/\/www.organicsugar.com\/es\/wp-json\/wp\/v2\/comments?post=2251"}],"version-history":[{"count":4,"href":"https:\/\/www.organicsugar.com\/es\/wp-json\/wp\/v2\/pages\/2251\/revisions"}],"predecessor-version":[{"id":2255,"href":"https:\/\/www.organicsugar.com\/es\/wp-json\/wp\/v2\/pages\/2251\/revisions\/2255"}],"wp:attachment":[{"href":"https:\/\/www.organicsugar.com\/es\/wp-json\/wp\/v2\/media?parent=2251"}],"curies":[{"name":"wp","href":"https:\/\/api.w.org\/{rel}","templated":true}]}}