{"id":1537,"date":"2021-05-12T13:32:07","date_gmt":"2021-05-12T13:32:07","guid":{"rendered":"https:\/\/www.organicsugar.com\/process\/"},"modified":"2025-02-28T12:09:40","modified_gmt":"2025-02-28T18:09:40","slug":"process","status":"publish","type":"page","link":"https:\/\/www.organicsugar.com\/es\/process\/","title":{"rendered":"Proceso"},"content":{"rendered":"\t\t<div data-elementor-type=\"wp-page\" data-elementor-id=\"1537\" class=\"elementor elementor-1537 elementor-430\" data-elementor-post-type=\"page\">\n\t\t\t\t\t\t<section class=\"elementor-section elementor-top-section elementor-element elementor-element-d8dbcde elementor-section-height-min-height elementor-section-stretched elementor-section-full_width elementor-section-height-default elementor-section-items-middle\" data-id=\"d8dbcde\" data-element_type=\"section\" data-settings=\"{&quot;stretch_section&quot;:&quot;section-stretched&quot;,&quot;background_background&quot;:&quot;classic&quot;}\">\n\t\t\t\t\t\t\t<div class=\"elementor-background-overlay\"><\/div>\n\t\t\t\t\t\t\t<div class=\"elementor-container elementor-column-gap-default\">\n\t\t\t\t\t<div class=\"elementor-column elementor-col-33 elementor-top-column elementor-element elementor-element-5638b2d elementor-hidden-phone\" data-id=\"5638b2d\" data-element_type=\"column\">\n\t\t\t<div class=\"elementor-widget-wrap\">\n\t\t\t\t\t\t\t<\/div>\n\t\t<\/div>\n\t\t\t\t<div class=\"elementor-column elementor-col-33 elementor-top-column elementor-element elementor-element-d6da40f\" data-id=\"d6da40f\" data-element_type=\"column\">\n\t\t\t<div class=\"elementor-widget-wrap elementor-element-populated\">\n\t\t\t\t\t\t<div class=\"elementor-element elementor-element-49b7ff6 elementor-invisible elementor-widget elementor-widget-heading\" data-id=\"49b7ff6\" data-element_type=\"widget\" data-settings=\"{&quot;_animation&quot;:&quot;fadeIn&quot;}\" data-widget_type=\"heading.default\">\n\t\t\t\t<div class=\"elementor-widget-container\">\n\t\t\t<h2 class=\"elementor-heading-title elementor-size-default\">PROCESO<\/h2>\t\t<\/div>\n\t\t\t\t<\/div>\n\t\t\t\t<div class=\"elementor-element elementor-element-021a716 elementor-invisible elementor-widget elementor-widget-video\" data-id=\"021a716\" data-element_type=\"widget\" data-settings=\"{&quot;youtube_url&quot;:&quot;https:\\\/\\\/www.youtube.com\\\/watch?v=HJBsJnKVyOY&quot;,&quot;_animation&quot;:&quot;fadeInUp&quot;,&quot;video_type&quot;:&quot;youtube&quot;,&quot;controls&quot;:&quot;yes&quot;}\" data-widget_type=\"video.default\">\n\t\t\t\t<div class=\"elementor-widget-container\">\n\t\t\t\t\t<div class=\"elementor-wrapper elementor-open-inline\">\n\t\t\t<div class=\"elementor-video\"><\/div>\t\t<\/div>\n\t\t\t\t<\/div>\n\t\t\t\t<\/div>\n\t\t\t\t<div class=\"elementor-element elementor-element-517f443 elementor-align-center elementor-mobile-align-left elementor-widget elementor-widget-raven-button\" data-id=\"517f443\" data-element_type=\"widget\" data-settings=\"{&quot;turn_to_popup_action_button&quot;:&quot;no&quot;}\" data-widget_type=\"raven-button.default\">\n\t\t\t\t<div class=\"elementor-widget-container\">\n\t\t\t\t\t<div class=\"raven-widget-wrapper\">\n\t\t\t<a class=\"raven-button raven-button-widget-normal-effect-none  raven-button-text-align-center raven-button-link elementor-animation-none\" href=\"https:\/\/www.organicsugar.com\/wp-content\/uploads\/2021\/07\/Esquema-produccion-web.pdf\" target=\"_blank\">\t\t\t\t<div class=\"raven-button-overlay\" ><\/div>\n\t\t\t\t<span class=\"raven-button-content\">\n\t\t\t\t\t\n\t\t\t\t\t<div class=\"button-text-container\">\n\t\t\t\t\t\t\t\t\t\t\t\t<div class=\"raven-button-texts-wrapper\">\n\t\t\t\t\t\t\t<div class=\"button-text\">\n\t\t\t\t\t\t\t\t<span class=\"raven-button-text\">\n\t\t\t\t\t\t\t\t\tVer esquema de producci\u00f3n\t\t\t\t\t\t\t\t<\/span>\n\t\t\t\t\t\t\t<\/div>\n\t\t\t\t\t\t\t\t\t\t\t\t\t<\/div>\n\t\t\t\t\t\t\t\t\t\t\t<\/div>\n\t\t\t\t\t\n\t\t\t\t\t\t\t\t\t<\/span>\n\t\t\t<\/a>\t\t<\/div>\n\t\t\t\t<\/div>\n\t\t\t\t<\/div>\n\t\t\t\t\t<\/div>\n\t\t<\/div>\n\t\t\t\t<div class=\"elementor-column elementor-col-33 elementor-top-column elementor-element elementor-element-ab31baa elementor-hidden-phone\" data-id=\"ab31baa\" data-element_type=\"column\">\n\t\t\t<div class=\"elementor-widget-wrap\">\n\t\t\t\t\t\t\t<\/div>\n\t\t<\/div>\n\t\t\t\t\t<\/div>\n\t\t<\/section>\n\t\t\t\t<section class=\"elementor-section elementor-top-section elementor-element elementor-element-1565be05 elementor-section-full_width elementor-section-stretched elementor-section-height-min-height elementor-section-height-default elementor-section-items-middle\" data-id=\"1565be05\" data-element_type=\"section\" data-settings=\"{&quot;stretch_section&quot;:&quot;section-stretched&quot;,&quot;background_background&quot;:&quot;classic&quot;}\">\n\t\t\t\t\t\t<div class=\"elementor-container elementor-column-gap-default\">\n\t\t\t\t\t<div class=\"elementor-column elementor-col-33 elementor-top-column elementor-element elementor-element-5def871b elementor-invisible\" data-id=\"5def871b\" data-element_type=\"column\" data-settings=\"{&quot;animation&quot;:&quot;fadeInLeft&quot;}\">\n\t\t\t<div class=\"elementor-widget-wrap elementor-element-populated\">\n\t\t\t\t\t\t<div class=\"elementor-element elementor-element-1cc303f3 elementor-widget-divider--view-line elementor-widget elementor-widget-divider\" data-id=\"1cc303f3\" data-element_type=\"widget\" data-widget_type=\"divider.default\">\n\t\t\t\t<div class=\"elementor-widget-container\">\n\t\t\t\t\t<div class=\"elementor-divider\">\n\t\t\t<span class=\"elementor-divider-separator\">\n\t\t\t\t\t\t<\/span>\n\t\t<\/div>\n\t\t\t\t<\/div>\n\t\t\t\t<\/div>\n\t\t\t\t\t<\/div>\n\t\t<\/div>\n\t\t\t\t<div class=\"elementor-column elementor-col-33 elementor-top-column elementor-element elementor-element-3f7be4d5 elementor-invisible\" data-id=\"3f7be4d5\" data-element_type=\"column\" data-settings=\"{&quot;animation&quot;:&quot;fadeInUp&quot;}\">\n\t\t\t<div class=\"elementor-widget-wrap elementor-element-populated\">\n\t\t\t\t\t\t<div class=\"elementor-element elementor-element-26b83383 elementor-widget elementor-widget-heading\" data-id=\"26b83383\" data-element_type=\"widget\" data-widget_type=\"heading.default\">\n\t\t\t\t<div class=\"elementor-widget-container\">\n\t\t\t<h2 class=\"elementor-heading-title elementor-size-default\">ACERCA DE NUESTRO PROCESO <\/h2>\t\t<\/div>\n\t\t\t\t<\/div>\n\t\t\t\t\t<\/div>\n\t\t<\/div>\n\t\t\t\t<div class=\"elementor-column elementor-col-33 elementor-top-column elementor-element elementor-element-5b04732d elementor-invisible\" data-id=\"5b04732d\" data-element_type=\"column\" data-settings=\"{&quot;animation&quot;:&quot;fadeInRight&quot;}\">\n\t\t\t<div class=\"elementor-widget-wrap elementor-element-populated\">\n\t\t\t\t\t\t<div class=\"elementor-element elementor-element-6a7ec446 elementor-widget-divider--view-line elementor-widget elementor-widget-divider\" data-id=\"6a7ec446\" data-element_type=\"widget\" data-widget_type=\"divider.default\">\n\t\t\t\t<div class=\"elementor-widget-container\">\n\t\t\t\t\t<div class=\"elementor-divider\">\n\t\t\t<span class=\"elementor-divider-separator\">\n\t\t\t\t\t\t<\/span>\n\t\t<\/div>\n\t\t\t\t<\/div>\n\t\t\t\t<\/div>\n\t\t\t\t\t<\/div>\n\t\t<\/div>\n\t\t\t\t\t<\/div>\n\t\t<\/section>\n\t\t\t\t<section class=\"elementor-section elementor-top-section elementor-element elementor-element-72ff2888 elementor-section-stretched elementor-section-full_width elementor-section-height-default elementor-section-height-default\" data-id=\"72ff2888\" data-element_type=\"section\" data-settings=\"{&quot;stretch_section&quot;:&quot;section-stretched&quot;,&quot;background_background&quot;:&quot;classic&quot;}\">\n\t\t\t\t\t\t\t<div class=\"elementor-background-overlay\"><\/div>\n\t\t\t\t\t\t\t<div class=\"elementor-container elementor-column-gap-default\">\n\t\t\t\t\t<div class=\"elementor-column elementor-col-100 elementor-top-column elementor-element elementor-element-364a2eeb\" data-id=\"364a2eeb\" data-element_type=\"column\" data-settings=\"{&quot;background_background&quot;:&quot;classic&quot;}\">\n\t\t\t<div class=\"elementor-widget-wrap elementor-element-populated\">\n\t\t\t\t\t<div class=\"elementor-background-overlay\"><\/div>\n\t\t\t\t\t\t<section class=\"elementor-section elementor-inner-section elementor-element elementor-element-2c99b9a0 elementor-section-boxed elementor-section-height-default elementor-section-height-default\" data-id=\"2c99b9a0\" data-element_type=\"section\">\n\t\t\t\t\t\t<div class=\"elementor-container elementor-column-gap-default\">\n\t\t\t\t\t<div class=\"elementor-column elementor-col-50 elementor-inner-column elementor-element elementor-element-37317c63 elementor-invisible\" data-id=\"37317c63\" data-element_type=\"column\" data-settings=\"{&quot;animation&quot;:&quot;fadeInLeft&quot;}\">\n\t\t\t<div class=\"elementor-widget-wrap elementor-element-populated\">\n\t\t\t\t\t\t<div class=\"elementor-element elementor-element-26a22482 elementor-widget elementor-widget-text-editor\" data-id=\"26a22482\" data-element_type=\"widget\" data-widget_type=\"text-editor.default\">\n\t\t\t\t<div class=\"elementor-widget-container\">\n\t\t\t\t\t\t\t<p>El proceso de fabricaci\u00f3n de nuestra panela en sus diferentes presentaciones inicia con:<\/p><p><span style=\"color: #f2b8b0;\">\u2022 Proceso molienda de ca\u00f1a:<\/span> Proceso que consiste en la extracci\u00f3n del jugo de ca\u00f1a de az\u00facar.<\/p><p><span style=\"color: #f2b8b0;\">\u2022 Proceso clarificaci\u00f3n del Jugo de ca\u00f1a de az\u00facar: <\/span>Consiste en la separaci\u00f3n de materia extra\u00f1a del jugo mediante temperatura, estabilizaci\u00f3n de pH y floculantes naturales.<\/p><p><span style=\"color: #f2b8b0;\">\u2022 Proceso de Evaporaci\u00f3n de Jugo de ca\u00f1a de az\u00facar:<\/span>\u00a0Durante esta etapa el jugo de ca\u00f1a de az\u00facar se somete a altas temperaturas en un lapso de tiempo corto para evaporar el agua inmersa en el jugo, este jugo se concentra el jugo hasta convertirlo en miel de ca\u00f1a de az\u00facar.<\/p><p><span style=\"color: #f2b8b0;\"> \u2022 de Granulaci\u00f3n: <\/span>la miel proveniente del proceso de evaporaci\u00f3n de toma y se trasforma hasta llevarla a \u201cpunto\u201d de panela. Una vez dado este punto la miel pasa de estado l\u00edquido ha solido dando por resultado millones de granos de panela en diferentes formas y tama\u00f1os listos para llevar a los procesos de empaque.<\/p><p>\u2022 Todos estos procesos son sustentados por normas de calidad y responsabilidad social para la tranquilidad de nuestros clientes.<\/p>\t\t\t\t\t\t<\/div>\n\t\t\t\t<\/div>\n\t\t\t\t\t<\/div>\n\t\t<\/div>\n\t\t\t\t<div class=\"elementor-column elementor-col-50 elementor-inner-column elementor-element elementor-element-343a840 elementor-invisible\" data-id=\"343a840\" data-element_type=\"column\" data-settings=\"{&quot;animation&quot;:&quot;fadeInRight&quot;}\">\n\t\t\t<div class=\"elementor-widget-wrap elementor-element-populated\">\n\t\t\t\t\t\t<div class=\"elementor-element elementor-element-292aa4e0 elementor-widget elementor-widget-image\" data-id=\"292aa4e0\" data-element_type=\"widget\" data-widget_type=\"image.default\">\n\t\t\t\t<div class=\"elementor-widget-container\">\n\t\t\t\t\t\t\t\t\t\t\t\t\t<img fetchpriority=\"high\" decoding=\"async\" width=\"382\" height=\"450\" src=\"https:\/\/www.organicsugar.com\/wp-content\/uploads\/2021\/05\/content-process-1-1.png\" class=\"attachment-large size-large wp-image-456\" alt=\"\" srcset=\"https:\/\/www.organicsugar.com\/wp-content\/uploads\/2021\/05\/content-process-1-1.png 382w, https:\/\/www.organicsugar.com\/wp-content\/uploads\/2021\/05\/content-process-1-1-255x300.png 255w\" sizes=\"(max-width: 382px) 100vw, 382px\" \/>\t\t\t\t\t\t\t\t\t\t\t\t\t<\/div>\n\t\t\t\t<\/div>\n\t\t\t\t\t<\/div>\n\t\t<\/div>\n\t\t\t\t\t<\/div>\n\t\t<\/section>\n\t\t\t\t<section class=\"elementor-section elementor-inner-section elementor-element elementor-element-7c1182f elementor-hidden-desktop elementor-hidden-tablet elementor-hidden-mobile elementor-section-boxed elementor-section-height-default elementor-section-height-default\" data-id=\"7c1182f\" data-element_type=\"section\">\n\t\t\t\t\t\t<div class=\"elementor-container elementor-column-gap-default\">\n\t\t\t\t\t<div class=\"elementor-column elementor-col-50 elementor-inner-column elementor-element elementor-element-9c0e7e4 elementor-invisible\" data-id=\"9c0e7e4\" data-element_type=\"column\" data-settings=\"{&quot;animation&quot;:&quot;fadeInLeft&quot;}\">\n\t\t\t<div class=\"elementor-widget-wrap elementor-element-populated\">\n\t\t\t\t\t\t<div class=\"elementor-element elementor-element-b97a5a4 elementor-widget elementor-widget-image\" data-id=\"b97a5a4\" data-element_type=\"widget\" data-widget_type=\"image.default\">\n\t\t\t\t<div class=\"elementor-widget-container\">\n\t\t\t\t\t\t\t\t\t\t\t\t\t<img decoding=\"async\" width=\"382\" height=\"450\" src=\"https:\/\/www.organicsugar.com\/wp-content\/uploads\/2021\/05\/content-process-2-1.png\" class=\"attachment-large size-large wp-image-457\" alt=\"\" srcset=\"https:\/\/www.organicsugar.com\/wp-content\/uploads\/2021\/05\/content-process-2-1.png 382w, https:\/\/www.organicsugar.com\/wp-content\/uploads\/2021\/05\/content-process-2-1-255x300.png 255w\" sizes=\"(max-width: 382px) 100vw, 382px\" \/>\t\t\t\t\t\t\t\t\t\t\t\t\t<\/div>\n\t\t\t\t<\/div>\n\t\t\t\t\t<\/div>\n\t\t<\/div>\n\t\t\t\t<div class=\"elementor-column elementor-col-50 elementor-inner-column elementor-element elementor-element-1280573 elementor-invisible\" data-id=\"1280573\" data-element_type=\"column\" data-settings=\"{&quot;animation&quot;:&quot;fadeInRight&quot;}\">\n\t\t\t<div class=\"elementor-widget-wrap elementor-element-populated\">\n\t\t\t\t\t\t<div class=\"elementor-element elementor-element-195b68a elementor-widget elementor-widget-text-editor\" data-id=\"195b68a\" data-element_type=\"widget\" data-widget_type=\"text-editor.default\">\n\t\t\t\t<div class=\"elementor-widget-container\">\n\t\t\t\t\t\t\t<p>Luego, el jugo ingresa al primer calentador, donde se calienta a 60 grados, una vez que alcanza esa temperatura, fluye hacia un segundo calentador para llevar la temperatura a 100 grados. En este punto, el floculante natural, la corteza del \u00e1rbol triturada, se utiliza para capturar las impurezas y separarlas del jugo.<\/p>\n<p>Estas impurezas o<span style=\"color: #caa091;\"> \u00abCachaca\u00bb<\/span> se filtran nuevamente para recuperar el jugo que pudiera haber quedado atrapado en ellos. El jugo se devuelve al proceso para ser concentrado. El producto resultante de esta filtraci\u00f3n es una masa seca que se utiliza en nuestro propio abono org\u00e1nico, que servir\u00e1 para nutrir las plantaciones de ca\u00f1a de az\u00facar.<\/p>\n<p>El jugo ahora clarificado comienza un proceso de concentraci\u00f3n que se realiza elevando la temperatura en cinco calentadores diferentes. Este proceso permite que las aguas y los l\u00edquidos se evaporen reduciendo y concentrando el jugo hasta que alcanza una consistencia similar a la miel. Una vez que se alcanza el punto apropiado, el proceso de granulaci\u00f3n comienza por una reacci\u00f3n natural.<\/p>\n<p>Una vez granulado, el producto final se envasa en sacos para su posterior cribado y envasado final seg\u00fan lo solicitado por cada cliente en particular. Luego, el producto pasa a trav\u00e9s de detectores de metales para verificar la calidad del producto por \u00faltima vez.<\/p>\n<p>Como parte de los controles de calidad a lo largo de todo el proceso descrito, contamos con certificaciones como<strong><span style=\"color: #caa091;\"><a style=\"color: #caa091;\" href=\"https:\/\/www.fssc22000.com\/\" target=\"_blank\" rel=\"noopener\"> FSSC 22000<\/a><\/span><\/strong> ,<span style=\"color: #caa091;\"><a href=\"https:\/\/www3.paho.org\/hq\/index.php?option=com_content&amp;view=article&amp;id=10832:2015-sistema-haccp&amp;Itemid=41431&amp;lang=es\" target=\"_blank\" rel=\"noopener\"><strong><span style=\"color: #caa091;\"> APPCC<\/span><\/strong><\/a><\/span> y<span style=\"color: #caa091;\"><strong><a style=\"color: #caa091;\" href=\"https:\/\/www.sedex.com\/our-services\/smeta-audit\/\" target=\"_blank\" rel=\"noopener\"> SMETA<\/a><\/strong><\/span> , para asegurar la satisfacci\u00f3n del cliente y el valor del producto.<\/p>\n\t\t\t\t\t\t<\/div>\n\t\t\t\t<\/div>\n\t\t\t\t\t<\/div>\n\t\t<\/div>\n\t\t\t\t\t<\/div>\n\t\t<\/section>\n\t\t\t\t\t<\/div>\n\t\t<\/div>\n\t\t\t\t\t<\/div>\n\t\t<\/section>\n\t\t\t\t<\/div>\n\t\t","protected":false},"excerpt":{"rendered":"<p>PROCESO Ver esquema de producci\u00f3n ACERCA DE NUESTRO PROCESO El proceso de fabricaci\u00f3n de nuestra panela en sus diferentes presentaciones inicia con: \u2022 Proceso molienda de ca\u00f1a: Proceso que consiste en la extracci\u00f3n del jugo de ca\u00f1a de az\u00facar. \u2022 Proceso clarificaci\u00f3n del Jugo de ca\u00f1a de az\u00facar: Consiste en la separaci\u00f3n de materia extra\u00f1a [&hellip;]<\/p>\n","protected":false},"author":1,"featured_media":0,"parent":0,"menu_order":0,"comment_status":"closed","ping_status":"closed","template":"","meta":{"_acf_changed":false,"footnotes":""},"class_list":["post-1537","page","type-page","status-publish","hentry"],"acf":[],"_links":{"self":[{"href":"https:\/\/www.organicsugar.com\/es\/wp-json\/wp\/v2\/pages\/1537","targetHints":{"allow":["GET"]}}],"collection":[{"href":"https:\/\/www.organicsugar.com\/es\/wp-json\/wp\/v2\/pages"}],"about":[{"href":"https:\/\/www.organicsugar.com\/es\/wp-json\/wp\/v2\/types\/page"}],"author":[{"embeddable":true,"href":"https:\/\/www.organicsugar.com\/es\/wp-json\/wp\/v2\/users\/1"}],"replies":[{"embeddable":true,"href":"https:\/\/www.organicsugar.com\/es\/wp-json\/wp\/v2\/comments?post=1537"}],"version-history":[{"count":25,"href":"https:\/\/www.organicsugar.com\/es\/wp-json\/wp\/v2\/pages\/1537\/revisions"}],"predecessor-version":[{"id":2443,"href":"https:\/\/www.organicsugar.com\/es\/wp-json\/wp\/v2\/pages\/1537\/revisions\/2443"}],"wp:attachment":[{"href":"https:\/\/www.organicsugar.com\/es\/wp-json\/wp\/v2\/media?parent=1537"}],"curies":[{"name":"wp","href":"https:\/\/api.w.org\/{rel}","templated":true}]}}