{"id":1536,"date":"2021-06-27T23:47:52","date_gmt":"2021-06-27T23:47:52","guid":{"rendered":"https:\/\/www.organicsugar.com\/privacy-policies\/"},"modified":"2024-10-28T15:49:19","modified_gmt":"2024-10-28T21:49:19","slug":"privacy-policies","status":"publish","type":"page","link":"https:\/\/www.organicsugar.com\/es\/privacy-policies\/","title":{"rendered":"Pol\u00edticas de privacidad"},"content":{"rendered":"\t\t<div data-elementor-type=\"wp-page\" data-elementor-id=\"1536\" class=\"elementor elementor-1536 elementor-1292\" data-elementor-post-type=\"page\">\n\t\t\t\t\t\t<section class=\"elementor-section elementor-top-section elementor-element elementor-element-d8dbcde elementor-section-stretched elementor-section-full_width elementor-section-height-default elementor-section-height-default\" data-id=\"d8dbcde\" data-element_type=\"section\" data-settings=\"{&quot;stretch_section&quot;:&quot;section-stretched&quot;,&quot;background_background&quot;:&quot;classic&quot;}\">\n\t\t\t\t\t\t\t<div class=\"elementor-background-overlay\"><\/div>\n\t\t\t\t\t\t\t<div class=\"elementor-container elementor-column-gap-default\">\n\t\t\t\t\t<div class=\"elementor-column elementor-col-33 elementor-top-column elementor-element elementor-element-d6da40f\" data-id=\"d6da40f\" data-element_type=\"column\">\n\t\t\t<div class=\"elementor-widget-wrap\">\n\t\t\t\t\t\t\t<\/div>\n\t\t<\/div>\n\t\t\t\t<div class=\"elementor-column elementor-col-33 elementor-top-column elementor-element elementor-element-dbdc22d\" data-id=\"dbdc22d\" data-element_type=\"column\">\n\t\t\t<div class=\"elementor-widget-wrap elementor-element-populated\">\n\t\t\t\t\t\t<div class=\"elementor-element elementor-element-a68e5d0 elementor-invisible elementor-widget elementor-widget-heading\" data-id=\"a68e5d0\" data-element_type=\"widget\" data-settings=\"{&quot;_animation&quot;:&quot;fadeIn&quot;}\" data-widget_type=\"heading.default\">\n\t\t\t\t<div class=\"elementor-widget-container\">\n\t\t\t<h2 class=\"elementor-heading-title elementor-size-default\">POL\u00cdTICAS DE PRIVACIDAD <\/h2>\t\t<\/div>\n\t\t\t\t<\/div>\n\t\t\t\t<div class=\"elementor-element elementor-element-8e0a703 elementor-widget elementor-widget-text-editor\" data-id=\"8e0a703\" data-element_type=\"widget\" data-widget_type=\"text-editor.default\">\n\t\t\t\t<div class=\"elementor-widget-container\">\n\t\t\t\t\t\t\t<p><span style=\"color: #ffffff;\">Para<strong> ORGANIC SUGAR COSTA RICA<\/strong> , la protecci\u00f3n de los datos personales y la privacidad de los usuarios es fundamental, nuestro objetivo es construir un entorno confiable y seguro para los usuarios. El tratamiento de los datos personales de los usuarios se encuentra amparado en Costa Rica por las disposiciones legales establecidas en la Ley N \u00b0 8968, Protecci\u00f3n de la Persona contra el Tratamiento de Datos Personales y su Reglamento, cuyo objetivo es garantizar a los usuarios, sin discriminaci\u00f3n, sus derechos fundamentales. en relaci\u00f3n a su privacidad o actividad privada, la defensa de su libertad e igualdad con respecto al trato de su persona o de su propiedad y Organic Sugar Costa Rica es respetuoso con dicha ley.<\/span><br \/><span style=\"color: #ffffff;\">Para almacenar datos personales, el consentimiento de los usuarios ser\u00e1 voluntario, libre e informado, otorgado por escrito por medios digitales. No obstante, en ning\u00fan caso, los datos personales que se encuentren en nuestra base de datos, ser\u00e1n comercializados, negociados o enajenados con \u00e1nimo de lucro a favor de un tercero.<\/span><br \/><span style=\"color: #ffffff;\">Nuestra empresa garantiza la confidencialidad de los datos personales, estableciendo una rigurosa pol\u00edtica de protecci\u00f3n, tal y como establece la citada Ley de Protecci\u00f3n de la Persona contra el Tratamiento de Datos Personales. Quien haya prestado su consentimiento para el almacenamiento de sus datos personales podr\u00e1, en cualquier momento, revocar su consentimiento, para lo cual la empresa dispone de mecanismos expeditos, sencillos y gratuitos que permiten al titular revocar su consentimiento.<\/span><br \/><span style=\"color: #ffffff;\">Nuestra pol\u00edtica de privacidad se puede encontrar f\u00e1cilmente, si no la encuentra, puede buscarla mediante la palabra \u201cPrivacidad\u201d.<\/span><\/p>\n<p><span style=\"color: #ffffff;\"><strong>INFORMACI\u00d3N QUE RECOPILAMOS:<\/strong><\/span><br \/><span style=\"color: #ffffff;\">Al registrarse en nuestro sitio web, se solicita ingresar el nombre de la persona natural o jur\u00eddica, nacionalidad, n\u00famero de tel\u00e9fono, correo electr\u00f3nico y otra informaci\u00f3n que nos ayudar\u00e1 a brindar un mejor servicio a los usuarios y clientes.<\/span><\/p>\n<p><span style=\"color: #ffffff;\"><strong>PARA QU\u00c9 UTILIZAMOS LA INFORMACI\u00d3N:<\/strong><\/span><br \/><span style=\"color: #ffffff;\">Usamos la informaci\u00f3n que recopilamos para los siguientes prop\u00f3sitos:<\/span><br \/><span style=\"color: #ffffff;\">\u2022 Para personalizar su experiencia y permitirnos entregar el producto y el contenido que es de su inter\u00e9s,<\/span><br \/><span style=\"color: #ffffff;\">\u2022 Para mejorar nuestro sitio web para brindarle un mejor servicio,<\/span><br \/><span style=\"color: #ffffff;\">\u2022 Responder de forma personalizada a sus solicitudes,<\/span><br \/><span style=\"color: #ffffff;\">\u2022 Enviar informaci\u00f3n peri\u00f3dica a su correo electr\u00f3nico sobre nuevos productos, servicios o promociones.<\/span><\/p>\n<p><span style=\"color: #ffffff;\"><strong>USO DE CORREOS ELECTR\u00d3NICOS:<\/strong><\/span><\/p>\n<p><span style=\"color: #ffffff;\">Usamos el correo electr\u00f3nico proporcionado por los usuarios para:<\/span><\/p>\n<p><span style=\"color: #ffffff;\">\u2022 Enviar informaci\u00f3n, responder a solicitudes y \/ u otros requisitos o consultas,<\/span><br \/><span style=\"color: #ffffff;\">\u2022 Procesar solicitudes, enviar informaci\u00f3n y actualizaciones relacionadas con solicitudes,<\/span><br \/><span style=\"color: #ffffff;\">\u2022 Enviar informaci\u00f3n adicional relacionada con nuestros productos y servicios,<\/span><br \/><span style=\"color: #ffffff;\">\u2022 Comercializar con nuestra base de datos y mailing continuo luego de registrarse en la web.<\/span><\/p>\n<p><span style=\"color: #ffffff;\"><strong>PROTECCION DE INFORMACION<\/strong><\/span><br \/><span style=\"color: #ffffff;\">Solo solicitamos informaci\u00f3n b\u00e1sica, no solicitamos informaci\u00f3n sobre tarjetas de cr\u00e9dito, cuentas bancarias o cualquier otra forma de pago. No proporcionamos informaci\u00f3n personal o confidencial a terceros.<\/span><br \/><span style=\"color: #ffffff;\">Su informaci\u00f3n personal est\u00e1 protegida con sistemas a los que solo tiene acceso un n\u00famero limitado de personas, que tienen c\u00f3digos de acceso a cada sistema y tienen el deber de manejar la informaci\u00f3n de manera confidencial.<\/span><br \/><span style=\"color: #ffffff;\">Implementamos medidas de seguridad cuando un usuario ingresa, agrega o entrega su informaci\u00f3n para mantener su seguridad.<\/span><br \/><span style=\"color: #ffffff;\">No vendemos ni intercambiamos su informaci\u00f3n personal.<\/span><\/p>\n<p><span style=\"color: #ffffff;\">Los usuarios pueden visitar nuestro sitio web de forma an\u00f3nima.<\/span><\/p>\n<p><span style=\"color: #ffffff;\"><strong>USO DE COOKIES:<\/strong><\/span><br \/><span style=\"color: #ffffff;\">\u2022 Comprender y guardar los gustos y preferencias del usuario para futuras visitas,<\/span><br \/><span style=\"color: #ffffff;\">\u2022 Realizar un seguimiento de las publicaciones,<\/span><br \/><span style=\"color: #ffffff;\">\u2022 Recopile datos adicionales sobre el tr\u00e1fico y las interacciones del sitio para brindar una mejor experiencia y herramientas para el futuro.<\/span><\/p>\n<p><span style=\"color: #ffffff;\">Las \u00abcookies\u00bb env\u00edan un mensaje de aprobaci\u00f3n a tu ordenador, en caso de que quieras utilizarlas solo tienes que aprobarlas o puedes desactivar el uso de las mismas. Si desactiva las \u00abcookies\u00bb, el uso del sitio web no ser\u00e1 tan eficiente, lo que afectar\u00e1 la experiencia en el sitio.<\/span><\/p>\n<p><span style=\"color: #ffffff;\"><strong>PROTECCI\u00d3N INFANTIL:<\/strong><\/span><br \/><span style=\"color: #ffffff;\">Nuestro sitio web est\u00e1 dirigido a personas mayores de 18 a\u00f1os, por lo que ponemos especial cuidado en proteger la seguridad y privacidad en caso de que menores utilicen nuestro sitio web. No recopilamos informaci\u00f3n de menores, en caso de que un menor desee brindar informaci\u00f3n, debe obtener el permiso de sus padres antes de brindarla.<\/span><br \/><span style=\"color: #ffffff;\">Lo invitamos a participar y monitorear la experiencia de sus hijos en el ciberespacio.<\/span><\/p>\n<p><span style=\"color: #ffffff;\"><strong>DESCRIPCI\u00d3N DE SU CORREO:<\/strong><\/span><br \/><span style=\"color: #ffffff;\">Para dejar de recibir correos electr\u00f3nicos de nuestra empresa, debe seguir las instrucciones en el enlace de cada correo electr\u00f3nico y pronto eliminaremos su informaci\u00f3n de toda la correspondencia.<\/span><\/p>\n<p><span style=\"color: #ffffff;\"><strong>LIBERACI\u00d3N DE RESPONSABILIDAD<\/strong><\/span><br \/><span style=\"color: #ffffff;\">El Usuario reconoce y acepta que el uso del Sitio Web se realiza en todo momento bajo su propio riesgo y responsabilidad. La empresa no se har\u00e1 responsable del uso indebido que se pueda hacer del sitio web.<\/span><br \/><span style=\"color: #ffffff;\">La empresa no se har\u00e1 responsable de los da\u00f1os de cualquier tipo a los equipos electr\u00f3nicos, como computadora, tel\u00e9fono, tableta, etc. del usuario por virus o cualquier otro. El usuario reconoce que el uso de la red de Internet implica un riesgo de que sus equipos inform\u00e1ticos puedan verse afectados por los elementos antes mencionados, por lo que es de su responsabilidad disponer de herramientas adecuadas para la detecci\u00f3n y eliminaci\u00f3n de programas electr\u00f3nicos da\u00f1inos que puedan representar un riesgo para su persona. equipo de computadora.<\/span><\/p>\n<p><span style=\"color: #ffffff;\"><strong>LEGISLACI\u00d3N APLICABLE Y TRIBUNALES COMPETENTES:<\/strong><\/span><br \/><span style=\"color: #ffffff;\">El uso de este sitio web se regir\u00e1 e interpretar\u00e1 de acuerdo con la legislaci\u00f3n costarricense. Cualquier conflicto, controversia o diferencia que pudiera tener relaci\u00f3n o derivarse de la relaci\u00f3n entre la empresa y el usuario o cualquier tercero que utilice el sitio web ser\u00e1 resuelto por los Tribunales de Justicia de la Rep\u00fablica de Costa Rica.<\/span><\/p>\n<p><span style=\"color: #ffffff;\"><strong>CONSULTAS:<\/strong><\/span><\/p>\n<p><span style=\"color: #ffffff;\">Si tiene alguna pregunta o inquietud con respecto a nuestra pol\u00edtica de privacidad, no dude en contactarnos por correo electr\u00f3nico:<a style=\"color: #ffffff;\" href=\"mailto:info@organicsugar.com\"> info@organicsugar.com<\/a><\/span><\/p>\n<p><span style=\"color: #ffffff;\"><strong>CONSENTIMIENTO Y CAMBIO DE POL\u00cdTICA:<\/strong><\/span><br \/><span style=\"color: #ffffff;\">Al utilizar nuestro sitio web, acepta las condiciones y pol\u00edticas de seguridad. Cualquier cambio en nuestras pol\u00edticas de privacidad, parcial o total, se publicar\u00e1 en el sitio.<\/span><\/p>\n<p><span style=\"color: #ffffff;\"> <\/span><\/p>\n\t\t\t\t\t\t<\/div>\n\t\t\t\t<\/div>\n\t\t\t\t\t<\/div>\n\t\t<\/div>\n\t\t\t\t<div class=\"elementor-column elementor-col-33 elementor-top-column elementor-element elementor-element-a41249d\" data-id=\"a41249d\" data-element_type=\"column\">\n\t\t\t<div class=\"elementor-widget-wrap\">\n\t\t\t\t\t\t\t<\/div>\n\t\t<\/div>\n\t\t\t\t\t<\/div>\n\t\t<\/section>\n\t\t\t\t<\/div>\n\t\t","protected":false},"excerpt":{"rendered":"<p>POL\u00cdTICAS DE PRIVACIDAD Para ORGANIC SUGAR COSTA RICA , la protecci\u00f3n de los datos personales y la privacidad de los usuarios es fundamental, nuestro objetivo es construir un entorno confiable y seguro para los usuarios. El tratamiento de los datos personales de los usuarios se encuentra amparado en Costa Rica por las disposiciones legales establecidas [&hellip;]<\/p>\n","protected":false},"author":1,"featured_media":0,"parent":0,"menu_order":0,"comment_status":"closed","ping_status":"closed","template":"","meta":{"_acf_changed":false,"footnotes":""},"class_list":["post-1536","page","type-page","status-publish","hentry"],"acf":[],"_links":{"self":[{"href":"https:\/\/www.organicsugar.com\/es\/wp-json\/wp\/v2\/pages\/1536","targetHints":{"allow":["GET"]}}],"collection":[{"href":"https:\/\/www.organicsugar.com\/es\/wp-json\/wp\/v2\/pages"}],"about":[{"href":"https:\/\/www.organicsugar.com\/es\/wp-json\/wp\/v2\/types\/page"}],"author":[{"embeddable":true,"href":"https:\/\/www.organicsugar.com\/es\/wp-json\/wp\/v2\/users\/1"}],"replies":[{"embeddable":true,"href":"https:\/\/www.organicsugar.com\/es\/wp-json\/wp\/v2\/comments?post=1536"}],"version-history":[{"count":14,"href":"https:\/\/www.organicsugar.com\/es\/wp-json\/wp\/v2\/pages\/1536\/revisions"}],"predecessor-version":[{"id":2228,"href":"https:\/\/www.organicsugar.com\/es\/wp-json\/wp\/v2\/pages\/1536\/revisions\/2228"}],"wp:attachment":[{"href":"https:\/\/www.organicsugar.com\/es\/wp-json\/wp\/v2\/media?parent=1536"}],"curies":[{"name":"wp","href":"https:\/\/api.w.org\/{rel}","templated":true}]}}