{"id":1531,"date":"2021-05-07T22:55:11","date_gmt":"2021-05-07T22:55:11","guid":{"rendered":"https:\/\/www.organicsugar.com\/benefits\/"},"modified":"2025-02-28T13:36:12","modified_gmt":"2025-02-28T19:36:12","slug":"benefits","status":"publish","type":"page","link":"https:\/\/www.organicsugar.com\/es\/benefits\/","title":{"rendered":"Beneficios"},"content":{"rendered":"\t\t<div data-elementor-type=\"wp-page\" data-elementor-id=\"1531\" class=\"elementor elementor-1531 elementor-199\" data-elementor-post-type=\"page\">\n\t\t\t\t\t\t<section class=\"elementor-section elementor-top-section elementor-element elementor-element-6f5a1b4d elementor-section-height-min-height elementor-section-stretched elementor-section-full_width elementor-section-height-default elementor-section-items-middle\" data-id=\"6f5a1b4d\" data-element_type=\"section\" data-settings=\"{&quot;stretch_section&quot;:&quot;section-stretched&quot;,&quot;background_background&quot;:&quot;classic&quot;}\">\n\t\t\t\t\t\t\t<div class=\"elementor-background-overlay\"><\/div>\n\t\t\t\t\t\t\t<div class=\"elementor-container elementor-column-gap-default\">\n\t\t\t\t\t<div class=\"elementor-column elementor-col-33 elementor-top-column elementor-element elementor-element-3b79ec6c elementor-hidden-phone\" data-id=\"3b79ec6c\" data-element_type=\"column\">\n\t\t\t<div class=\"elementor-widget-wrap\">\n\t\t\t\t\t\t\t<\/div>\n\t\t<\/div>\n\t\t\t\t<div class=\"elementor-column elementor-col-33 elementor-top-column elementor-element elementor-element-604173ba\" data-id=\"604173ba\" data-element_type=\"column\">\n\t\t\t<div class=\"elementor-widget-wrap elementor-element-populated\">\n\t\t\t\t\t\t<div class=\"elementor-element elementor-element-1c4378c1 elementor-invisible elementor-widget elementor-widget-heading\" data-id=\"1c4378c1\" data-element_type=\"widget\" data-settings=\"{&quot;_animation&quot;:&quot;fadeIn&quot;}\" data-widget_type=\"heading.default\">\n\t\t\t\t<div class=\"elementor-widget-container\">\n\t\t\t<h2 class=\"elementor-heading-title elementor-size-default\">BENEFICIOS<\/h2>\t\t<\/div>\n\t\t\t\t<\/div>\n\t\t\t\t\t<\/div>\n\t\t<\/div>\n\t\t\t\t<div class=\"elementor-column elementor-col-33 elementor-top-column elementor-element elementor-element-5b80336c elementor-hidden-phone\" data-id=\"5b80336c\" data-element_type=\"column\">\n\t\t\t<div class=\"elementor-widget-wrap\">\n\t\t\t\t\t\t\t<\/div>\n\t\t<\/div>\n\t\t\t\t\t<\/div>\n\t\t<\/section>\n\t\t\t\t<section class=\"elementor-section elementor-top-section elementor-element elementor-element-40490bff elementor-section-full_width elementor-section-stretched elementor-section-height-default elementor-section-height-default\" data-id=\"40490bff\" data-element_type=\"section\" data-settings=\"{&quot;stretch_section&quot;:&quot;section-stretched&quot;,&quot;background_background&quot;:&quot;classic&quot;,&quot;animation&quot;:&quot;none&quot;}\">\n\t\t\t\t\t\t<div class=\"elementor-container elementor-column-gap-no\">\n\t\t\t\t\t<div class=\"elementor-column elementor-col-25 elementor-top-column elementor-element elementor-element-bdd71a1 elementor-invisible\" data-id=\"bdd71a1\" data-element_type=\"column\" data-settings=\"{&quot;animation&quot;:&quot;fadeInLeft&quot;}\">\n\t\t\t<div class=\"elementor-widget-wrap elementor-element-populated\">\n\t\t\t\t\t\t<div class=\"elementor-element elementor-element-67862d0d elementor-widget elementor-widget-image\" data-id=\"67862d0d\" data-element_type=\"widget\" data-widget_type=\"image.default\">\n\t\t\t\t<div class=\"elementor-widget-container\">\n\t\t\t\t\t\t\t\t\t\t\t\t\t<img fetchpriority=\"high\" decoding=\"async\" width=\"1024\" height=\"683\" src=\"https:\/\/www.organicsugar.com\/wp-content\/uploads\/2021\/05\/pre-content-benefits-1-1024x683.jpg\" class=\"attachment-large size-large wp-image-598\" alt=\"\" srcset=\"https:\/\/www.organicsugar.com\/wp-content\/uploads\/2021\/05\/pre-content-benefits-1-1024x683.jpg 1024w, https:\/\/www.organicsugar.com\/wp-content\/uploads\/2021\/05\/pre-content-benefits-1-300x200.jpg 300w, https:\/\/www.organicsugar.com\/wp-content\/uploads\/2021\/05\/pre-content-benefits-1-768x512.jpg 768w, https:\/\/www.organicsugar.com\/wp-content\/uploads\/2021\/05\/pre-content-benefits-1.jpg 1200w\" sizes=\"(max-width: 1024px) 100vw, 1024px\" \/>\t\t\t\t\t\t\t\t\t\t\t\t\t<\/div>\n\t\t\t\t<\/div>\n\t\t\t\t\t<\/div>\n\t\t<\/div>\n\t\t\t\t<div class=\"elementor-column elementor-col-25 elementor-top-column elementor-element elementor-element-78bb9eeb elementor-invisible\" data-id=\"78bb9eeb\" data-element_type=\"column\" data-settings=\"{&quot;animation&quot;:&quot;fadeInUp&quot;}\">\n\t\t\t<div class=\"elementor-widget-wrap elementor-element-populated\">\n\t\t\t\t\t\t<div class=\"elementor-element elementor-element-7cbd1443 elementor-widget elementor-widget-image\" data-id=\"7cbd1443\" data-element_type=\"widget\" data-widget_type=\"image.default\">\n\t\t\t\t<div class=\"elementor-widget-container\">\n\t\t\t\t\t\t\t\t\t\t\t\t\t<img decoding=\"async\" width=\"1024\" height=\"683\" src=\"https:\/\/www.organicsugar.com\/wp-content\/uploads\/2024\/09\/sugar-cane-free-flowing-1024x683.jpg\" class=\"attachment-large size-large wp-image-1973\" alt=\"\" srcset=\"https:\/\/www.organicsugar.com\/wp-content\/uploads\/2024\/09\/sugar-cane-free-flowing-1024x683.jpg 1024w, https:\/\/www.organicsugar.com\/wp-content\/uploads\/2024\/09\/sugar-cane-free-flowing-300x200.jpg 300w, https:\/\/www.organicsugar.com\/wp-content\/uploads\/2024\/09\/sugar-cane-free-flowing-768x512.jpg 768w, https:\/\/www.organicsugar.com\/wp-content\/uploads\/2024\/09\/sugar-cane-free-flowing.jpg 1200w\" sizes=\"(max-width: 1024px) 100vw, 1024px\" \/>\t\t\t\t\t\t\t\t\t\t\t\t\t<\/div>\n\t\t\t\t<\/div>\n\t\t\t\t\t<\/div>\n\t\t<\/div>\n\t\t\t\t<div class=\"elementor-column elementor-col-25 elementor-top-column elementor-element elementor-element-1bdeb707 elementor-invisible\" data-id=\"1bdeb707\" data-element_type=\"column\" data-settings=\"{&quot;animation&quot;:&quot;fadeInDown&quot;}\">\n\t\t\t<div class=\"elementor-widget-wrap elementor-element-populated\">\n\t\t\t\t\t\t<div class=\"elementor-element elementor-element-547c0b5f elementor-widget elementor-widget-image\" data-id=\"547c0b5f\" data-element_type=\"widget\" data-widget_type=\"image.default\">\n\t\t\t\t<div class=\"elementor-widget-container\">\n\t\t\t\t\t\t\t\t\t\t\t\t\t<img decoding=\"async\" width=\"1024\" height=\"683\" src=\"https:\/\/www.organicsugar.com\/wp-content\/uploads\/2021\/05\/pre-content-benefits-3-1024x683.jpg\" class=\"attachment-large size-large wp-image-600\" alt=\"\" srcset=\"https:\/\/www.organicsugar.com\/wp-content\/uploads\/2021\/05\/pre-content-benefits-3-1024x683.jpg 1024w, https:\/\/www.organicsugar.com\/wp-content\/uploads\/2021\/05\/pre-content-benefits-3-300x200.jpg 300w, https:\/\/www.organicsugar.com\/wp-content\/uploads\/2021\/05\/pre-content-benefits-3-768x512.jpg 768w, https:\/\/www.organicsugar.com\/wp-content\/uploads\/2021\/05\/pre-content-benefits-3.jpg 1200w\" sizes=\"(max-width: 1024px) 100vw, 1024px\" \/>\t\t\t\t\t\t\t\t\t\t\t\t\t<\/div>\n\t\t\t\t<\/div>\n\t\t\t\t\t<\/div>\n\t\t<\/div>\n\t\t\t\t<div class=\"elementor-column elementor-col-25 elementor-top-column elementor-element elementor-element-6ecbd1c elementor-invisible\" data-id=\"6ecbd1c\" data-element_type=\"column\" data-settings=\"{&quot;animation&quot;:&quot;fadeInRight&quot;}\">\n\t\t\t<div class=\"elementor-widget-wrap elementor-element-populated\">\n\t\t\t\t\t\t<div class=\"elementor-element elementor-element-7a43447d elementor-widget elementor-widget-image\" data-id=\"7a43447d\" data-element_type=\"widget\" data-widget_type=\"image.default\">\n\t\t\t\t<div class=\"elementor-widget-container\">\n\t\t\t\t\t\t\t\t\t\t\t\t\t<img loading=\"lazy\" decoding=\"async\" width=\"1024\" height=\"683\" src=\"https:\/\/www.organicsugar.com\/wp-content\/uploads\/2024\/09\/pre-footer-2-1024x683.jpg\" class=\"attachment-large size-large wp-image-1885\" alt=\"\" srcset=\"https:\/\/www.organicsugar.com\/wp-content\/uploads\/2024\/09\/pre-footer-2-1024x683.jpg 1024w, https:\/\/www.organicsugar.com\/wp-content\/uploads\/2024\/09\/pre-footer-2-300x200.jpg 300w, https:\/\/www.organicsugar.com\/wp-content\/uploads\/2024\/09\/pre-footer-2-768x512.jpg 768w, https:\/\/www.organicsugar.com\/wp-content\/uploads\/2024\/09\/pre-footer-2.jpg 1200w\" sizes=\"(max-width: 1024px) 100vw, 1024px\" \/>\t\t\t\t\t\t\t\t\t\t\t\t\t<\/div>\n\t\t\t\t<\/div>\n\t\t\t\t\t<\/div>\n\t\t<\/div>\n\t\t\t\t\t<\/div>\n\t\t<\/section>\n\t\t\t\t<section class=\"elementor-section elementor-top-section elementor-element elementor-element-7ab2dccb elementor-section-height-min-height elementor-section-stretched elementor-section-boxed elementor-section-height-default elementor-section-items-middle\" data-id=\"7ab2dccb\" data-element_type=\"section\" data-settings=\"{&quot;stretch_section&quot;:&quot;section-stretched&quot;,&quot;background_background&quot;:&quot;classic&quot;}\">\n\t\t\t\t\t\t<div class=\"elementor-container elementor-column-gap-default\">\n\t\t\t\t\t<div class=\"elementor-column elementor-col-33 elementor-top-column elementor-element elementor-element-456e5035 elementor-invisible\" data-id=\"456e5035\" data-element_type=\"column\" data-settings=\"{&quot;animation&quot;:&quot;fadeInLeft&quot;}\">\n\t\t\t<div class=\"elementor-widget-wrap elementor-element-populated\">\n\t\t\t\t\t\t<div class=\"elementor-element elementor-element-6824840f elementor-widget elementor-widget-image\" data-id=\"6824840f\" data-element_type=\"widget\" data-widget_type=\"image.default\">\n\t\t\t\t<div class=\"elementor-widget-container\">\n\t\t\t\t\t\t\t\t\t\t\t\t\t<img loading=\"lazy\" decoding=\"async\" width=\"400\" height=\"640\" src=\"https:\/\/www.organicsugar.com\/wp-content\/uploads\/2021\/05\/leaf-pre-profooter-right.png\" class=\"attachment-large size-large wp-image-84\" alt=\"\" srcset=\"https:\/\/www.organicsugar.com\/wp-content\/uploads\/2021\/05\/leaf-pre-profooter-right.png 400w, https:\/\/www.organicsugar.com\/wp-content\/uploads\/2021\/05\/leaf-pre-profooter-right-188x300.png 188w\" sizes=\"(max-width: 400px) 100vw, 400px\" \/>\t\t\t\t\t\t\t\t\t\t\t\t\t<\/div>\n\t\t\t\t<\/div>\n\t\t\t\t\t<\/div>\n\t\t<\/div>\n\t\t\t\t<div class=\"elementor-column elementor-col-33 elementor-top-column elementor-element elementor-element-1cd90740\" data-id=\"1cd90740\" data-element_type=\"column\">\n\t\t\t<div class=\"elementor-widget-wrap elementor-element-populated\">\n\t\t\t\t\t\t<div class=\"elementor-element elementor-element-62ac029 elementor-widget elementor-widget-text-editor\" data-id=\"62ac029\" data-element_type=\"widget\" data-widget_type=\"text-editor.default\">\n\t\t\t\t<div class=\"elementor-widget-container\">\n\t\t\t\t\t\t\tEl az\u00facar de ca\u00f1a sin refinar es mucho m\u00e1s que un edulzante. Su \u00fanico ingrediente es jugo de ca\u00f1a de az\u00facar, sometido a un proceso de evaporaci\u00f3n al vac\u00edo para eliminar el agua. Este jugo se granula por agitaci\u00f3n, no por centrifugaci\u00f3n, conservando la mayor\u00eda de sus propiedades.\t\t\t\t\t\t<\/div>\n\t\t\t\t<\/div>\n\t\t\t\t\t<\/div>\n\t\t<\/div>\n\t\t\t\t<div class=\"elementor-column elementor-col-33 elementor-top-column elementor-element elementor-element-96daf2e elementor-invisible\" data-id=\"96daf2e\" data-element_type=\"column\" data-settings=\"{&quot;animation&quot;:&quot;fadeInRight&quot;}\">\n\t\t\t<div class=\"elementor-widget-wrap elementor-element-populated\">\n\t\t\t\t\t\t<div class=\"elementor-element elementor-element-79d2faab elementor-widget elementor-widget-image\" data-id=\"79d2faab\" data-element_type=\"widget\" data-widget_type=\"image.default\">\n\t\t\t\t<div class=\"elementor-widget-container\">\n\t\t\t\t\t\t\t\t\t\t\t\t\t<img loading=\"lazy\" decoding=\"async\" width=\"400\" height=\"640\" src=\"https:\/\/www.organicsugar.com\/wp-content\/uploads\/2021\/05\/leaf-pre-profooter.png\" class=\"attachment-large size-large wp-image-83\" alt=\"\" srcset=\"https:\/\/www.organicsugar.com\/wp-content\/uploads\/2021\/05\/leaf-pre-profooter.png 400w, https:\/\/www.organicsugar.com\/wp-content\/uploads\/2021\/05\/leaf-pre-profooter-188x300.png 188w\" sizes=\"(max-width: 400px) 100vw, 400px\" \/>\t\t\t\t\t\t\t\t\t\t\t\t\t<\/div>\n\t\t\t\t<\/div>\n\t\t\t\t\t<\/div>\n\t\t<\/div>\n\t\t\t\t\t<\/div>\n\t\t<\/section>\n\t\t\t\t<section class=\"elementor-section elementor-top-section elementor-element elementor-element-610bd6bb elementor-section-stretched elementor-section-boxed elementor-section-height-default elementor-section-height-default\" data-id=\"610bd6bb\" data-element_type=\"section\" data-settings=\"{&quot;stretch_section&quot;:&quot;section-stretched&quot;,&quot;background_background&quot;:&quot;classic&quot;}\">\n\t\t\t\t\t\t\t<div class=\"elementor-background-overlay\"><\/div>\n\t\t\t\t\t\t\t<div class=\"elementor-container elementor-column-gap-default\">\n\t\t\t\t\t<div class=\"elementor-column elementor-col-100 elementor-top-column elementor-element elementor-element-432babe8\" data-id=\"432babe8\" data-element_type=\"column\" data-settings=\"{&quot;background_background&quot;:&quot;classic&quot;}\">\n\t\t\t<div class=\"elementor-widget-wrap elementor-element-populated\">\n\t\t\t\t\t<div class=\"elementor-background-overlay\"><\/div>\n\t\t\t\t\t\t<div class=\"elementor-element elementor-element-4a848a2 elementor-invisible elementor-widget elementor-widget-heading\" data-id=\"4a848a2\" data-element_type=\"widget\" data-settings=\"{&quot;_animation&quot;:&quot;fadeIn&quot;}\" data-widget_type=\"heading.default\">\n\t\t\t\t<div class=\"elementor-widget-container\">\n\t\t\t<h2 class=\"elementor-heading-title elementor-size-default\">VALOR NUTRICIONAL <\/h2>\t\t<\/div>\n\t\t\t\t<\/div>\n\t\t\t\t<section class=\"elementor-section elementor-inner-section elementor-element elementor-element-73f48e2 elementor-section-boxed elementor-section-height-default elementor-section-height-default\" data-id=\"73f48e2\" data-element_type=\"section\">\n\t\t\t\t\t\t<div class=\"elementor-container elementor-column-gap-default\">\n\t\t\t\t\t<div class=\"elementor-column elementor-col-33 elementor-inner-column elementor-element elementor-element-f6d759b elementor-invisible\" data-id=\"f6d759b\" data-element_type=\"column\" data-settings=\"{&quot;animation&quot;:&quot;fadeInLeft&quot;}\">\n\t\t\t<div class=\"elementor-widget-wrap elementor-element-populated\">\n\t\t\t\t\t\t<div class=\"elementor-element elementor-element-55dcde3 elementor-widget elementor-widget-image\" data-id=\"55dcde3\" data-element_type=\"widget\" data-widget_type=\"image.default\">\n\t\t\t\t<div class=\"elementor-widget-container\">\n\t\t\t\t\t\t\t\t\t\t\t\t\t<img loading=\"lazy\" decoding=\"async\" width=\"382\" height=\"450\" src=\"https:\/\/www.organicsugar.com\/wp-content\/uploads\/2024\/09\/Sugarcane-waste-upcycled-into-plastic-free-packaging-Dispose-SupraPulp-the-same-way-you-would-your-salad_wrbm_large.jpg\" class=\"attachment-large size-large wp-image-1987\" alt=\"\" srcset=\"https:\/\/www.organicsugar.com\/wp-content\/uploads\/2024\/09\/Sugarcane-waste-upcycled-into-plastic-free-packaging-Dispose-SupraPulp-the-same-way-you-would-your-salad_wrbm_large.jpg 382w, https:\/\/www.organicsugar.com\/wp-content\/uploads\/2024\/09\/Sugarcane-waste-upcycled-into-plastic-free-packaging-Dispose-SupraPulp-the-same-way-you-would-your-salad_wrbm_large-255x300.jpg 255w\" sizes=\"(max-width: 382px) 100vw, 382px\" \/>\t\t\t\t\t\t\t\t\t\t\t\t\t<\/div>\n\t\t\t\t<\/div>\n\t\t\t\t\t<\/div>\n\t\t<\/div>\n\t\t\t\t<div class=\"elementor-column elementor-col-33 elementor-inner-column elementor-element elementor-element-c996f2a elementor-invisible\" data-id=\"c996f2a\" data-element_type=\"column\" data-settings=\"{&quot;animation&quot;:&quot;fadeInDown&quot;}\">\n\t\t\t<div class=\"elementor-widget-wrap elementor-element-populated\">\n\t\t\t\t\t\t<div class=\"elementor-element elementor-element-8928210 elementor-widget elementor-widget-text-editor\" data-id=\"8928210\" data-element_type=\"widget\" data-widget_type=\"text-editor.default\">\n\t\t\t\t<div class=\"elementor-widget-container\">\n\t\t\t\t\t\t\t<p><span style=\"color: #f2b8b0;\">\u2022 Riqueza nutritiva:<\/span> aporta vitamina A, B, C, D y E, minerales como zinc, magnesio, f\u00f3sforo, hierro, calcio y manganeso, y carbohidratos como la fructosa.<\/p><p><span style=\"color: #f2b8b0;\">\u2022 Fuente de energ\u00eda:<\/span> fundamental y necesario para el desarrollo de los procesos metab\u00f3licos. Activa el organismo actuando como un energizante totalmente natural.<\/p><p><span style=\"color: #f2b8b0;\">\u2022 Sin calor\u00edas vac\u00edas:<\/span> es un edulcorante que aporta nutrientes esenciales con sus calor\u00edas, a diferencia de los az\u00facares blancos y los az\u00facares negros refinados.<\/p><p><span style=\"color: #f2b8b0;\">\u2022\u00a0 \u00cdndice gluc\u00e9mico bajo:<\/span> 55 frente al az\u00facar blanca que es 70.<\/p>\t\t\t\t\t\t<\/div>\n\t\t\t\t<\/div>\n\t\t\t\t\t<\/div>\n\t\t<\/div>\n\t\t\t\t<div class=\"elementor-column elementor-col-33 elementor-inner-column elementor-element elementor-element-5c6eb70 elementor-invisible\" data-id=\"5c6eb70\" data-element_type=\"column\" data-settings=\"{&quot;animation&quot;:&quot;fadeInRight&quot;}\">\n\t\t\t<div class=\"elementor-widget-wrap elementor-element-populated\">\n\t\t\t\t\t\t<div class=\"elementor-element elementor-element-8a7d184 elementor-widget elementor-widget-image\" data-id=\"8a7d184\" data-element_type=\"widget\" data-widget_type=\"image.default\">\n\t\t\t\t<div class=\"elementor-widget-container\">\n\t\t\t\t\t\t\t\t\t\t\t\t\t<img loading=\"lazy\" decoding=\"async\" width=\"400\" height=\"640\" src=\"https:\/\/www.organicsugar.com\/wp-content\/uploads\/2021\/05\/sugar-cane-mision.png\" class=\"attachment-large size-large wp-image-92\" alt=\"\" srcset=\"https:\/\/www.organicsugar.com\/wp-content\/uploads\/2021\/05\/sugar-cane-mision.png 400w, https:\/\/www.organicsugar.com\/wp-content\/uploads\/2021\/05\/sugar-cane-mision-188x300.png 188w\" sizes=\"(max-width: 400px) 100vw, 400px\" \/>\t\t\t\t\t\t\t\t\t\t\t\t\t<\/div>\n\t\t\t\t<\/div>\n\t\t\t\t\t<\/div>\n\t\t<\/div>\n\t\t\t\t\t<\/div>\n\t\t<\/section>\n\t\t\t\t\t<\/div>\n\t\t<\/div>\n\t\t\t\t\t<\/div>\n\t\t<\/section>\n\t\t\t\t<\/div>\n\t\t","protected":false},"excerpt":{"rendered":"<p>BENEFICIOS El az\u00facar de ca\u00f1a sin refinar es mucho m\u00e1s que un edulzante. Su \u00fanico ingrediente es jugo de ca\u00f1a de az\u00facar, sometido a un proceso de evaporaci\u00f3n al vac\u00edo para eliminar el agua. Este jugo se granula por agitaci\u00f3n, no por centrifugaci\u00f3n, conservando la mayor\u00eda de sus propiedades. VALOR NUTRICIONAL \u2022 Riqueza nutritiva: aporta [&hellip;]<\/p>\n","protected":false},"author":1,"featured_media":0,"parent":0,"menu_order":0,"comment_status":"closed","ping_status":"closed","template":"","meta":{"_acf_changed":false,"footnotes":""},"class_list":["post-1531","page","type-page","status-publish","hentry"],"acf":[],"_links":{"self":[{"href":"https:\/\/www.organicsugar.com\/es\/wp-json\/wp\/v2\/pages\/1531","targetHints":{"allow":["GET"]}}],"collection":[{"href":"https:\/\/www.organicsugar.com\/es\/wp-json\/wp\/v2\/pages"}],"about":[{"href":"https:\/\/www.organicsugar.com\/es\/wp-json\/wp\/v2\/types\/page"}],"author":[{"embeddable":true,"href":"https:\/\/www.organicsugar.com\/es\/wp-json\/wp\/v2\/users\/1"}],"replies":[{"embeddable":true,"href":"https:\/\/www.organicsugar.com\/es\/wp-json\/wp\/v2\/comments?post=1531"}],"version-history":[{"count":26,"href":"https:\/\/www.organicsugar.com\/es\/wp-json\/wp\/v2\/pages\/1531\/revisions"}],"predecessor-version":[{"id":2514,"href":"https:\/\/www.organicsugar.com\/es\/wp-json\/wp\/v2\/pages\/1531\/revisions\/2514"}],"wp:attachment":[{"href":"https:\/\/www.organicsugar.com\/es\/wp-json\/wp\/v2\/media?parent=1531"}],"curies":[{"name":"wp","href":"https:\/\/api.w.org\/{rel}","templated":true}]}}